{"id":26,"date":"2015-05-29T15:07:44","date_gmt":"2015-05-29T14:07:44","guid":{"rendered":"http:\/\/nicolas-lebrun.fr\/?page_id=26"},"modified":"2024-07-28T09:06:16","modified_gmt":"2024-07-28T08:06:16","slug":"contact","status":"publish","type":"page","link":"https:\/\/nicolas-lebrun.fr\/fr\/contact\/","title":{"rendered":"Contact"},"content":{"rendered":"","protected":false},"excerpt":{"rendered":"","protected":false},"author":1,"featured_media":1571,"parent":0,"menu_order":0,"comment_status":"closed","ping_status":"closed","template":"contact.php","meta":{"footnotes":""},"class_list":["post-26","page","type-page","status-publish","has-post-thumbnail","hentry"],"yoast_head":"<!-- This site is optimized with the Yoast SEO plugin v27.3 - https:\/\/yoast.com\/product\/yoast-seo-wordpress\/ -->\n<title>Contact - Nicolas Lebrun<\/title>\n<meta name=\"description\" content=\"{:fr}Acc\u00e9dez \u00e0 mes profils de r\u00e9seaux sociaux o\u00f9 je poste mes travaux, aux plateformes blockchain tezos o\u00f9 je propose des tokens \u00e0 la vente. Il est \u00e9galement possible de me contacter par mail via un formulaire.{:en}Access my social network profiles where I post my work, the tezos blockchain platforms where I offer tokens for sale. It is also possible to contact me by mail via a form.{:}\" \/>\n<meta name=\"robots\" content=\"index, follow, max-snippet:-1, max-image-preview:large, max-video-preview:-1\" \/>\n<link rel=\"canonical\" href=\"https:\/\/nicolas-lebrun.fr\/contact\/\" \/>\n<meta property=\"og:locale\" content=\"fr_FR\" \/>\n<meta property=\"og:type\" content=\"article\" \/>\n<meta property=\"og:title\" content=\"Contact - Nicolas Lebrun\" \/>\n<meta property=\"og:description\" content=\"{:fr}Acc\u00e9dez \u00e0 mes profils de r\u00e9seaux sociaux o\u00f9 je poste mes travaux, aux plateformes blockchain tezos o\u00f9 je propose des tokens \u00e0 la vente. Il est \u00e9galement possible de me contacter par mail via un formulaire.{:en}Access my social network profiles where I post my work, the tezos blockchain platforms where I offer tokens for sale. It is also possible to contact me by mail via a form.{:}\" \/>\n<meta property=\"og:url\" content=\"https:\/\/nicolas-lebrun.fr\/contact\/\" \/>\n<meta property=\"og:site_name\" content=\"Nicolas Lebrun\" \/>\n<meta property=\"article:modified_time\" content=\"2024-07-28T08:06:16+00:00\" \/>\n<meta property=\"og:image\" content=\"https:\/\/nicolas-lebrun.fr\/wp-content\/uploads\/2023\/02\/close-up-w1920-v2.jpg\" \/>\n\t<meta property=\"og:image:width\" content=\"1920\" \/>\n\t<meta property=\"og:image:height\" content=\"1080\" \/>\n\t<meta property=\"og:image:type\" content=\"image\/jpeg\" \/>\n<meta name=\"twitter:card\" content=\"summary_large_image\" \/>\n<meta name=\"twitter:site\" content=\"@nclslbrn\" \/>\n<meta name=\"twitter:label1\" content=\"Dur\u00e9e de lecture estim\u00e9e\" \/>\n\t<meta name=\"twitter:data1\" content=\"1 minute\" \/>\n<script type=\"application\/ld+json\" class=\"yoast-schema-graph\">{\"@context\":\"https:\\\/\\\/schema.org\",\"@graph\":[{\"@type\":\"WebPage\",\"@id\":\"https:\\\/\\\/nicolas-lebrun.fr\\\/contact\\\/\",\"url\":\"https:\\\/\\\/nicolas-lebrun.fr\\\/contact\\\/\",\"name\":\"Contact - Nicolas Lebrun\",\"isPartOf\":{\"@id\":\"https:\\\/\\\/nicolas-lebrun.fr\\\/#website\"},\"primaryImageOfPage\":{\"@id\":\"https:\\\/\\\/nicolas-lebrun.fr\\\/contact\\\/#primaryimage\"},\"image\":{\"@id\":\"https:\\\/\\\/nicolas-lebrun.fr\\\/contact\\\/#primaryimage\"},\"thumbnailUrl\":\"https:\\\/\\\/nicolas-lebrun.fr\\\/wp-content\\\/uploads\\\/2023\\\/02\\\/close-up-w1920-v2.jpg\",\"datePublished\":\"2015-05-29T14:07:44+00:00\",\"dateModified\":\"2024-07-28T08:06:16+00:00\",\"description\":\"{:fr}Acc\u00e9dez \u00e0 mes profils de r\u00e9seaux sociaux o\u00f9 je poste mes travaux, aux plateformes blockchain tezos o\u00f9 je propose des tokens \u00e0 la vente. Il est \u00e9galement possible de me contacter par mail via un formulaire.{:en}Access my social network profiles where I post my work, the tezos blockchain platforms where I offer tokens for sale. It is also possible to contact me by mail via a form.{:}\",\"breadcrumb\":{\"@id\":\"https:\\\/\\\/nicolas-lebrun.fr\\\/contact\\\/#breadcrumb\"},\"inLanguage\":\"fr-FR\",\"potentialAction\":[{\"@type\":\"ReadAction\",\"target\":[\"https:\\\/\\\/nicolas-lebrun.fr\\\/contact\\\/\"]}]},{\"@type\":\"ImageObject\",\"inLanguage\":\"fr-FR\",\"@id\":\"https:\\\/\\\/nicolas-lebrun.fr\\\/contact\\\/#primaryimage\",\"url\":\"https:\\\/\\\/nicolas-lebrun.fr\\\/wp-content\\\/uploads\\\/2023\\\/02\\\/close-up-w1920-v2.jpg\",\"contentUrl\":\"https:\\\/\\\/nicolas-lebrun.fr\\\/wp-content\\\/uploads\\\/2023\\\/02\\\/close-up-w1920-v2.jpg\",\"width\":1920,\"height\":1080,\"caption\":\"Playtime (close up) - iteration 4\"},{\"@type\":\"BreadcrumbList\",\"@id\":\"https:\\\/\\\/nicolas-lebrun.fr\\\/contact\\\/#breadcrumb\",\"itemListElement\":[{\"@type\":\"ListItem\",\"position\":1,\"name\":\"Accueil\",\"item\":\"https:\\\/\\\/nicolas-lebrun.fr\\\/\"},{\"@type\":\"ListItem\",\"position\":2,\"name\":\"Contact\"}]},{\"@type\":\"WebSite\",\"@id\":\"https:\\\/\\\/nicolas-lebrun.fr\\\/#website\",\"url\":\"https:\\\/\\\/nicolas-lebrun.fr\\\/\",\"name\":\"Nicolas Lebrun\",\"description\":\"\",\"publisher\":{\"@id\":\"https:\\\/\\\/nicolas-lebrun.fr\\\/#\\\/schema\\\/person\\\/be9e5e7b3dddc1665dcce551d8cb9ee2\"},\"alternateName\":\"N.Lebrun\",\"potentialAction\":[{\"@type\":\"SearchAction\",\"target\":{\"@type\":\"EntryPoint\",\"urlTemplate\":\"https:\\\/\\\/nicolas-lebrun.fr\\\/?s={search_term_string}\"},\"query-input\":{\"@type\":\"PropertyValueSpecification\",\"valueRequired\":true,\"valueName\":\"search_term_string\"}}],\"inLanguage\":\"fr-FR\"},{\"@type\":[\"Person\",\"Organization\"],\"@id\":\"https:\\\/\\\/nicolas-lebrun.fr\\\/#\\\/schema\\\/person\\\/be9e5e7b3dddc1665dcce551d8cb9ee2\",\"name\":\"Nicolas\",\"image\":{\"@type\":\"ImageObject\",\"inLanguage\":\"fr-FR\",\"@id\":\"https:\\\/\\\/nicolas-lebrun.fr\\\/wp-content\\\/uploads\\\/2022\\\/10\\\/nicolas-lebrun-self-portait.png\",\"url\":\"https:\\\/\\\/nicolas-lebrun.fr\\\/wp-content\\\/uploads\\\/2022\\\/10\\\/nicolas-lebrun-self-portait.png\",\"contentUrl\":\"https:\\\/\\\/nicolas-lebrun.fr\\\/wp-content\\\/uploads\\\/2022\\\/10\\\/nicolas-lebrun-self-portait.png\",\"width\":1080,\"height\":1080,\"caption\":\"Nicolas\"},\"logo\":{\"@id\":\"https:\\\/\\\/nicolas-lebrun.fr\\\/wp-content\\\/uploads\\\/2022\\\/10\\\/nicolas-lebrun-self-portait.png\"},\"sameAs\":[\"https:\\\/\\\/www.instagram.com\\\/nclslbrn\",\"https:\\\/\\\/x.com\\\/nclslbrn\"]}]}<\/script>\n<!-- \/ Yoast SEO plugin. -->","yoast_head_json":{"title":"Contact - Nicolas Lebrun","description":"{:fr}Acc\u00e9dez \u00e0 mes profils de r\u00e9seaux sociaux o\u00f9 je poste mes travaux, aux plateformes blockchain tezos o\u00f9 je propose des tokens \u00e0 la vente. Il est \u00e9galement possible de me contacter par mail via un formulaire.{:en}Access my social network profiles where I post my work, the tezos blockchain platforms where I offer tokens for sale. It is also possible to contact me by mail via a form.{:}","robots":{"index":"index","follow":"follow","max-snippet":"max-snippet:-1","max-image-preview":"max-image-preview:large","max-video-preview":"max-video-preview:-1"},"canonical":"https:\/\/nicolas-lebrun.fr\/contact\/","og_locale":"fr_FR","og_type":"article","og_title":"Contact - Nicolas Lebrun","og_description":"{:fr}Acc\u00e9dez \u00e0 mes profils de r\u00e9seaux sociaux o\u00f9 je poste mes travaux, aux plateformes blockchain tezos o\u00f9 je propose des tokens \u00e0 la vente. Il est \u00e9galement possible de me contacter par mail via un formulaire.{:en}Access my social network profiles where I post my work, the tezos blockchain platforms where I offer tokens for sale. It is also possible to contact me by mail via a form.{:}","og_url":"https:\/\/nicolas-lebrun.fr\/contact\/","og_site_name":"Nicolas Lebrun","article_modified_time":"2024-07-28T08:06:16+00:00","og_image":[{"width":1920,"height":1080,"url":"https:\/\/nicolas-lebrun.fr\/wp-content\/uploads\/2023\/02\/close-up-w1920-v2.jpg","type":"image\/jpeg"}],"twitter_card":"summary_large_image","twitter_site":"@nclslbrn","twitter_misc":{"Dur\u00e9e de lecture estim\u00e9e":"1 minute"},"schema":{"@context":"https:\/\/schema.org","@graph":[{"@type":"WebPage","@id":"https:\/\/nicolas-lebrun.fr\/contact\/","url":"https:\/\/nicolas-lebrun.fr\/contact\/","name":"Contact - Nicolas Lebrun","isPartOf":{"@id":"https:\/\/nicolas-lebrun.fr\/#website"},"primaryImageOfPage":{"@id":"https:\/\/nicolas-lebrun.fr\/contact\/#primaryimage"},"image":{"@id":"https:\/\/nicolas-lebrun.fr\/contact\/#primaryimage"},"thumbnailUrl":"https:\/\/nicolas-lebrun.fr\/wp-content\/uploads\/2023\/02\/close-up-w1920-v2.jpg","datePublished":"2015-05-29T14:07:44+00:00","dateModified":"2024-07-28T08:06:16+00:00","description":"{:fr}Acc\u00e9dez \u00e0 mes profils de r\u00e9seaux sociaux o\u00f9 je poste mes travaux, aux plateformes blockchain tezos o\u00f9 je propose des tokens \u00e0 la vente. Il est \u00e9galement possible de me contacter par mail via un formulaire.{:en}Access my social network profiles where I post my work, the tezos blockchain platforms where I offer tokens for sale. It is also possible to contact me by mail via a form.{:}","breadcrumb":{"@id":"https:\/\/nicolas-lebrun.fr\/contact\/#breadcrumb"},"inLanguage":"fr-FR","potentialAction":[{"@type":"ReadAction","target":["https:\/\/nicolas-lebrun.fr\/contact\/"]}]},{"@type":"ImageObject","inLanguage":"fr-FR","@id":"https:\/\/nicolas-lebrun.fr\/contact\/#primaryimage","url":"https:\/\/nicolas-lebrun.fr\/wp-content\/uploads\/2023\/02\/close-up-w1920-v2.jpg","contentUrl":"https:\/\/nicolas-lebrun.fr\/wp-content\/uploads\/2023\/02\/close-up-w1920-v2.jpg","width":1920,"height":1080,"caption":"Playtime (close up) - iteration 4"},{"@type":"BreadcrumbList","@id":"https:\/\/nicolas-lebrun.fr\/contact\/#breadcrumb","itemListElement":[{"@type":"ListItem","position":1,"name":"Accueil","item":"https:\/\/nicolas-lebrun.fr\/"},{"@type":"ListItem","position":2,"name":"Contact"}]},{"@type":"WebSite","@id":"https:\/\/nicolas-lebrun.fr\/#website","url":"https:\/\/nicolas-lebrun.fr\/","name":"Nicolas Lebrun","description":"","publisher":{"@id":"https:\/\/nicolas-lebrun.fr\/#\/schema\/person\/be9e5e7b3dddc1665dcce551d8cb9ee2"},"alternateName":"N.Lebrun","potentialAction":[{"@type":"SearchAction","target":{"@type":"EntryPoint","urlTemplate":"https:\/\/nicolas-lebrun.fr\/?s={search_term_string}"},"query-input":{"@type":"PropertyValueSpecification","valueRequired":true,"valueName":"search_term_string"}}],"inLanguage":"fr-FR"},{"@type":["Person","Organization"],"@id":"https:\/\/nicolas-lebrun.fr\/#\/schema\/person\/be9e5e7b3dddc1665dcce551d8cb9ee2","name":"Nicolas","image":{"@type":"ImageObject","inLanguage":"fr-FR","@id":"https:\/\/nicolas-lebrun.fr\/wp-content\/uploads\/2022\/10\/nicolas-lebrun-self-portait.png","url":"https:\/\/nicolas-lebrun.fr\/wp-content\/uploads\/2022\/10\/nicolas-lebrun-self-portait.png","contentUrl":"https:\/\/nicolas-lebrun.fr\/wp-content\/uploads\/2022\/10\/nicolas-lebrun-self-portait.png","width":1080,"height":1080,"caption":"Nicolas"},"logo":{"@id":"https:\/\/nicolas-lebrun.fr\/wp-content\/uploads\/2022\/10\/nicolas-lebrun-self-portait.png"},"sameAs":["https:\/\/www.instagram.com\/nclslbrn","https:\/\/x.com\/nclslbrn"]}]}},"_links":{"self":[{"href":"https:\/\/nicolas-lebrun.fr\/fr\/wp-json\/wp\/v2\/pages\/26","targetHints":{"allow":["GET"]}}],"collection":[{"href":"https:\/\/nicolas-lebrun.fr\/fr\/wp-json\/wp\/v2\/pages"}],"about":[{"href":"https:\/\/nicolas-lebrun.fr\/fr\/wp-json\/wp\/v2\/types\/page"}],"author":[{"embeddable":true,"href":"https:\/\/nicolas-lebrun.fr\/fr\/wp-json\/wp\/v2\/users\/1"}],"replies":[{"embeddable":true,"href":"https:\/\/nicolas-lebrun.fr\/fr\/wp-json\/wp\/v2\/comments?post=26"}],"version-history":[{"count":1,"href":"https:\/\/nicolas-lebrun.fr\/fr\/wp-json\/wp\/v2\/pages\/26\/revisions"}],"predecessor-version":[{"id":27,"href":"https:\/\/nicolas-lebrun.fr\/fr\/wp-json\/wp\/v2\/pages\/26\/revisions\/27"}],"wp:featuredmedia":[{"embeddable":true,"href":"https:\/\/nicolas-lebrun.fr\/fr\/wp-json\/wp\/v2\/media\/1571"}],"wp:attachment":[{"href":"https:\/\/nicolas-lebrun.fr\/fr\/wp-json\/wp\/v2\/media?parent=26"}],"curies":[{"name":"wp","href":"https:\/\/api.w.org\/{rel}","templated":true}]}}