{"id":243,"date":"2015-10-25T11:04:48","date_gmt":"2015-10-25T10:04:48","guid":{"rendered":"http:\/\/nicolas-lebrun.fr\/fr\/?page_id=243"},"modified":"2022-10-31T19:53:55","modified_gmt":"2022-10-31T18:53:55","slug":"mentions-legales","status":"publish","type":"page","link":"https:\/\/nicolas-lebrun.fr\/fr\/mentions-legales\/","title":{"rendered":"Mentions L\u00e9gales"},"content":{"rendered":"<p>Propri\u00e9taire et \u00e9diteur du site nicolas-lebrun.fr : Nicolas Lebrun<br \/>\nAdresse : 12 rue du ch\u00e8vrefeuille 34000 Montpellier<br \/>\nCourriel : nclslbrn@gmail.com<br \/>\nN\u00b0 de t\u00e9l\u00e9phone : 09 84 08 89 75<br \/>\nN\u00b0 de fax : 09 89 08 89 75<br \/>\nH\u00e9bergement r\u00e9alis\u00e9 par la Soci\u00e9t\u00e9 OVH.com \u2013 140 Quai du Sartel \u2013 59100 Roubaix.<\/p>\n<h2>Droits d\u2019auteur:<\/h2>\n<p>Le site nicolas-lebrun.fr constitue une \u0153uvre de l\u2019esprit au sens des dispositions des articles L 111-1 et suivants du Code de la Propri\u00e9t\u00e9 Intellectuelle et, \u00e0 ce titre, Nicolas Lebrun b\u00e9n\u00e9ficie en sa qualit\u00e9 d\u2019auteur de cette cr\u00e9ation originale d\u2019une protection et des droits r\u00e9serv\u00e9s par la loi.<br \/>\nLes textes, photos, dessins, graphismes et autres \u00e9l\u00e9ments de ce site sont prot\u00e9g\u00e9s par les droits d\u2019auteur. Toute copie, adaptation, traduction, modification, et autre exploitation, modification de tout ou partie du site sous quelle que forme et par quel que moyen que ce soit, m\u00e9canique ou autre, est strictement interdit sauf accord pr\u00e9alable et \u00e9crit par Nicolas Lebrun.\n<\/p>\n<p>Toute reproduction ou repr\u00e9sentation, int\u00e9grale ou partielle, faite sans le consentement de l\u2019auteur, serait illicite et constituerait une contrefa\u00e7on, engageant la responsabilit\u00e9 civile ou p\u00e9nale de l\u2019auteur de la contrefa\u00e7on.<br \/>\nLes logos, images et marques ou tout autre \u00e9l\u00e9ment relatifs aux autres soci\u00e9t\u00e9s cit\u00e9s ou utilis\u00e9s sur le site nicolas-lebrun.fr sont la propri\u00e9t\u00e9 respective de leurs auteurs.<br \/>\nnicolas-lebrun.fr contient des liens vers d\u2019autres sites, et n\u2019est pas responsable des informations et contenus des sites pour lesquels un lien est propos\u00e9. Ces liens sont propos\u00e9s dans un but d\u2019information de l\u2019internaute.<\/p>\n<h2>Informatiques &amp; Libert\u00e9s:<\/h2>\n<p>Conform\u00e9ment \u00e0 la loi Informatique et Libert\u00e9 du 06 janvier 1978, les personnes ayant fourni des informations personnelles ont un droit de regard total sur celles-ci. Vous disposez d\u2019un droit d\u2019acc\u00e8s, de modification, de rectification et de suppression des donn\u00e9es qui vous concernent (art. 34 de la loi . Informatique et Libert\u00e9s. ). Vous pouvez exercer ce droit en nous \u00e9crivant par mail ou \u00e0 l\u2019adresse suivante : Nicolas Lebrun, 12 rue du ch\u00e8vrefeuille 34000 Montpellier. De plus, aucune information personnelle n\u2019est collect\u00e9e \u00e0 l\u2019insu des utilisateurs du site, ni c\u00e9d\u00e9e \u00e0 des tiers, ni utilis\u00e9e \u00e0 des fins non pr\u00e9vues.Ces informations susceptibles d\u2019\u00eatre collect\u00e9es sur le pr\u00e9sent site \u00e9tant exclusivement destin\u00e9es au traitement de votre demande d\u2019inscription \u00e0 la Newsletter ou de prise de contact par le biais des formulaires correspondants.<\/p>\n<p><\/p>","protected":false},"excerpt":{"rendered":"<p>Propri\u00e9taire et \u00e9diteur du site nicolas-lebrun.fr : Nicolas Lebrun Adresse : 12 rue du ch\u00e8vrefeuille 34000 Montpellier Courriel : nclslbrn@gmail.com N\u00b0 de t\u00e9l\u00e9phone : 09 84 08 89 75 N\u00b0 de fax : 09 89 08 89 75 H\u00e9bergement r\u00e9alis\u00e9 par la Soci\u00e9t\u00e9 OVH.com \u2013 140 Quai du Sartel \u2013 59100 Roubaix. Droits d\u2019auteur: Le [&hellip;]<\/p>\n","protected":false},"author":1,"featured_media":0,"parent":0,"menu_order":0,"comment_status":"closed","ping_status":"closed","template":"","meta":{"footnotes":""},"class_list":["post-243","page","type-page","status-publish","hentry"],"yoast_head":"<!-- This site is optimized with the Yoast SEO plugin v27.4 - https:\/\/yoast.com\/product\/yoast-seo-wordpress\/ -->\n<title>Mentions L\u00e9gales - Nicolas Lebrun<\/title>\n<meta name=\"description\" content=\"{:fr}Le site nicolas-lebrun.fr constitue une \u0153uvre de l\u2019esprit au sens des dispositions des articles L 111-1 et suivants du Code de la Propri\u00e9t\u00e9 Intellectuelle et, \u00e0 ce titre, Nicolas Lebrun b\u00e9n\u00e9ficie en sa qualit\u00e9 d\u2019auteur de cette cr\u00e9ation originale d\u2019une protection et des droits r\u00e9serv\u00e9s par la loi.{:en}The site nicolas-lebrun.fr constitutes a work of the spirit within the meaning of the provisions of the articles L 111-1 and following of the Code of the Intellectual property and, as such, Nicolas Lebrun profits in his quality of author of this original creation of a protection and the rights reserved by the law.{:}\" \/>\n<meta name=\"robots\" content=\"index, follow, max-snippet:-1, max-image-preview:large, max-video-preview:-1\" \/>\n<link rel=\"canonical\" href=\"https:\/\/nicolas-lebrun.fr\/mentions-legales\/\" \/>\n<meta property=\"og:locale\" content=\"fr_FR\" \/>\n<meta property=\"og:type\" content=\"article\" \/>\n<meta property=\"og:title\" content=\"[:fr]Mentions L\u00e9gales[:en]Legal notice[:] - Nicolas Lebrun\" \/>\n<meta property=\"og:description\" content=\"{:fr}Le site nicolas-lebrun.fr constitue une \u0153uvre de l\u2019esprit au sens des dispositions des articles L 111-1 et suivants du Code de la Propri\u00e9t\u00e9 Intellectuelle et, \u00e0 ce titre, Nicolas Lebrun b\u00e9n\u00e9ficie en sa qualit\u00e9 d\u2019auteur de cette cr\u00e9ation originale d\u2019une protection et des droits r\u00e9serv\u00e9s par la loi.{:en}The site nicolas-lebrun.fr constitutes a work of the spirit within the meaning of the provisions of the articles L 111-1 and following of the Code of the Intellectual property and, as such, Nicolas Lebrun profits in his quality of author of this original creation of a protection and the rights reserved by the law.{:}\" \/>\n<meta property=\"og:url\" content=\"https:\/\/nicolas-lebrun.fr\/mentions-legales\/\" \/>\n<meta property=\"og:site_name\" content=\"Nicolas Lebrun\" \/>\n<meta property=\"article:modified_time\" content=\"2022-10-31T18:53:55+00:00\" \/>\n<meta name=\"twitter:card\" content=\"summary_large_image\" \/>\n<meta name=\"twitter:site\" content=\"@nclslbrn\" \/>\n<meta name=\"twitter:label1\" content=\"Dur\u00e9e de lecture estim\u00e9e\" \/>\n\t<meta name=\"twitter:data1\" content=\"2 minutes\" \/>\n<script type=\"application\/ld+json\" class=\"yoast-schema-graph\">{\"@context\":\"https:\\\/\\\/schema.org\",\"@graph\":[{\"@type\":\"WebPage\",\"@id\":\"https:\\\/\\\/nicolas-lebrun.fr\\\/mentions-legales\\\/\",\"url\":\"https:\\\/\\\/nicolas-lebrun.fr\\\/mentions-legales\\\/\",\"name\":\"[:fr]Mentions L\u00e9gales[:en]Legal notice[:] - Nicolas Lebrun\",\"isPartOf\":{\"@id\":\"https:\\\/\\\/nicolas-lebrun.fr\\\/#website\"},\"datePublished\":\"2015-10-25T10:04:48+00:00\",\"dateModified\":\"2022-10-31T18:53:55+00:00\",\"description\":\"{:fr}Le site nicolas-lebrun.fr constitue une \u0153uvre de l\u2019esprit au sens des dispositions des articles L 111-1 et suivants du Code de la Propri\u00e9t\u00e9 Intellectuelle et, \u00e0 ce titre, Nicolas Lebrun b\u00e9n\u00e9ficie en sa qualit\u00e9 d\u2019auteur de cette cr\u00e9ation originale d\u2019une protection et des droits r\u00e9serv\u00e9s par la loi.{:en}The site nicolas-lebrun.fr constitutes a work of the spirit within the meaning of the provisions of the articles L 111-1 and following of the Code of the Intellectual property and, as such, Nicolas Lebrun profits in his quality of author of this original creation of a protection and the rights reserved by the law.{:}\",\"breadcrumb\":{\"@id\":\"https:\\\/\\\/nicolas-lebrun.fr\\\/mentions-legales\\\/#breadcrumb\"},\"inLanguage\":\"fr-FR\",\"potentialAction\":[{\"@type\":\"ReadAction\",\"target\":[\"https:\\\/\\\/nicolas-lebrun.fr\\\/mentions-legales\\\/\"]}]},{\"@type\":\"BreadcrumbList\",\"@id\":\"https:\\\/\\\/nicolas-lebrun.fr\\\/mentions-legales\\\/#breadcrumb\",\"itemListElement\":[{\"@type\":\"ListItem\",\"position\":1,\"name\":\"Accueil\",\"item\":\"https:\\\/\\\/nicolas-lebrun.fr\\\/\"},{\"@type\":\"ListItem\",\"position\":2,\"name\":\"Mentions L\u00e9gales\"}]},{\"@type\":\"WebSite\",\"@id\":\"https:\\\/\\\/nicolas-lebrun.fr\\\/#website\",\"url\":\"https:\\\/\\\/nicolas-lebrun.fr\\\/\",\"name\":\"Nicolas Lebrun\",\"description\":\"\",\"publisher\":{\"@id\":\"https:\\\/\\\/nicolas-lebrun.fr\\\/#\\\/schema\\\/person\\\/be9e5e7b3dddc1665dcce551d8cb9ee2\"},\"alternateName\":\"N.Lebrun\",\"potentialAction\":[{\"@type\":\"SearchAction\",\"target\":{\"@type\":\"EntryPoint\",\"urlTemplate\":\"https:\\\/\\\/nicolas-lebrun.fr\\\/?s={search_term_string}\"},\"query-input\":{\"@type\":\"PropertyValueSpecification\",\"valueRequired\":true,\"valueName\":\"search_term_string\"}}],\"inLanguage\":\"fr-FR\"},{\"@type\":[\"Person\",\"Organization\"],\"@id\":\"https:\\\/\\\/nicolas-lebrun.fr\\\/#\\\/schema\\\/person\\\/be9e5e7b3dddc1665dcce551d8cb9ee2\",\"name\":\"Nicolas\",\"image\":{\"@type\":\"ImageObject\",\"inLanguage\":\"fr-FR\",\"@id\":\"https:\\\/\\\/nicolas-lebrun.fr\\\/wp-content\\\/uploads\\\/2022\\\/10\\\/nicolas-lebrun-self-portait.png\",\"url\":\"https:\\\/\\\/nicolas-lebrun.fr\\\/wp-content\\\/uploads\\\/2022\\\/10\\\/nicolas-lebrun-self-portait.png\",\"contentUrl\":\"https:\\\/\\\/nicolas-lebrun.fr\\\/wp-content\\\/uploads\\\/2022\\\/10\\\/nicolas-lebrun-self-portait.png\",\"width\":1080,\"height\":1080,\"caption\":\"Nicolas\"},\"logo\":{\"@id\":\"https:\\\/\\\/nicolas-lebrun.fr\\\/wp-content\\\/uploads\\\/2022\\\/10\\\/nicolas-lebrun-self-portait.png\"},\"sameAs\":[\"https:\\\/\\\/www.instagram.com\\\/nclslbrn\",\"https:\\\/\\\/x.com\\\/nclslbrn\"]}]}<\/script>\n<!-- \/ Yoast SEO plugin. -->","yoast_head_json":{"title":"[:fr]Mentions L\u00e9gales[:en]Legal notice[:] - Nicolas Lebrun","description":"{:fr}Le site nicolas-lebrun.fr constitue une \u0153uvre de l\u2019esprit au sens des dispositions des articles L 111-1 et suivants du Code de la Propri\u00e9t\u00e9 Intellectuelle et, \u00e0 ce titre, Nicolas Lebrun b\u00e9n\u00e9ficie en sa qualit\u00e9 d\u2019auteur de cette cr\u00e9ation originale d\u2019une protection et des droits r\u00e9serv\u00e9s par la loi.{:en}The site nicolas-lebrun.fr constitutes a work of the spirit within the meaning of the provisions of the articles L 111-1 and following of the Code of the Intellectual property and, as such, Nicolas Lebrun profits in his quality of author of this original creation of a protection and the rights reserved by the law.{:}","robots":{"index":"index","follow":"follow","max-snippet":"max-snippet:-1","max-image-preview":"max-image-preview:large","max-video-preview":"max-video-preview:-1"},"canonical":"https:\/\/nicolas-lebrun.fr\/mentions-legales\/","og_locale":"fr_FR","og_type":"article","og_title":"[:fr]Mentions L\u00e9gales[:en]Legal notice[:] - Nicolas Lebrun","og_description":"{:fr}Le site nicolas-lebrun.fr constitue une \u0153uvre de l\u2019esprit au sens des dispositions des articles L 111-1 et suivants du Code de la Propri\u00e9t\u00e9 Intellectuelle et, \u00e0 ce titre, Nicolas Lebrun b\u00e9n\u00e9ficie en sa qualit\u00e9 d\u2019auteur de cette cr\u00e9ation originale d\u2019une protection et des droits r\u00e9serv\u00e9s par la loi.{:en}The site nicolas-lebrun.fr constitutes a work of the spirit within the meaning of the provisions of the articles L 111-1 and following of the Code of the Intellectual property and, as such, Nicolas Lebrun profits in his quality of author of this original creation of a protection and the rights reserved by the law.{:}","og_url":"https:\/\/nicolas-lebrun.fr\/mentions-legales\/","og_site_name":"Nicolas Lebrun","article_modified_time":"2022-10-31T18:53:55+00:00","twitter_card":"summary_large_image","twitter_site":"@nclslbrn","twitter_misc":{"Dur\u00e9e de lecture estim\u00e9e":"2 minutes"},"schema":{"@context":"https:\/\/schema.org","@graph":[{"@type":"WebPage","@id":"https:\/\/nicolas-lebrun.fr\/mentions-legales\/","url":"https:\/\/nicolas-lebrun.fr\/mentions-legales\/","name":"[:fr]Mentions L\u00e9gales[:en]Legal notice[:] - Nicolas Lebrun","isPartOf":{"@id":"https:\/\/nicolas-lebrun.fr\/#website"},"datePublished":"2015-10-25T10:04:48+00:00","dateModified":"2022-10-31T18:53:55+00:00","description":"{:fr}Le site nicolas-lebrun.fr constitue une \u0153uvre de l\u2019esprit au sens des dispositions des articles L 111-1 et suivants du Code de la Propri\u00e9t\u00e9 Intellectuelle et, \u00e0 ce titre, Nicolas Lebrun b\u00e9n\u00e9ficie en sa qualit\u00e9 d\u2019auteur de cette cr\u00e9ation originale d\u2019une protection et des droits r\u00e9serv\u00e9s par la loi.{:en}The site nicolas-lebrun.fr constitutes a work of the spirit within the meaning of the provisions of the articles L 111-1 and following of the Code of the Intellectual property and, as such, Nicolas Lebrun profits in his quality of author of this original creation of a protection and the rights reserved by the law.{:}","breadcrumb":{"@id":"https:\/\/nicolas-lebrun.fr\/mentions-legales\/#breadcrumb"},"inLanguage":"fr-FR","potentialAction":[{"@type":"ReadAction","target":["https:\/\/nicolas-lebrun.fr\/mentions-legales\/"]}]},{"@type":"BreadcrumbList","@id":"https:\/\/nicolas-lebrun.fr\/mentions-legales\/#breadcrumb","itemListElement":[{"@type":"ListItem","position":1,"name":"Accueil","item":"https:\/\/nicolas-lebrun.fr\/"},{"@type":"ListItem","position":2,"name":"Mentions L\u00e9gales"}]},{"@type":"WebSite","@id":"https:\/\/nicolas-lebrun.fr\/#website","url":"https:\/\/nicolas-lebrun.fr\/","name":"Nicolas Lebrun","description":"","publisher":{"@id":"https:\/\/nicolas-lebrun.fr\/#\/schema\/person\/be9e5e7b3dddc1665dcce551d8cb9ee2"},"alternateName":"N.Lebrun","potentialAction":[{"@type":"SearchAction","target":{"@type":"EntryPoint","urlTemplate":"https:\/\/nicolas-lebrun.fr\/?s={search_term_string}"},"query-input":{"@type":"PropertyValueSpecification","valueRequired":true,"valueName":"search_term_string"}}],"inLanguage":"fr-FR"},{"@type":["Person","Organization"],"@id":"https:\/\/nicolas-lebrun.fr\/#\/schema\/person\/be9e5e7b3dddc1665dcce551d8cb9ee2","name":"Nicolas","image":{"@type":"ImageObject","inLanguage":"fr-FR","@id":"https:\/\/nicolas-lebrun.fr\/wp-content\/uploads\/2022\/10\/nicolas-lebrun-self-portait.png","url":"https:\/\/nicolas-lebrun.fr\/wp-content\/uploads\/2022\/10\/nicolas-lebrun-self-portait.png","contentUrl":"https:\/\/nicolas-lebrun.fr\/wp-content\/uploads\/2022\/10\/nicolas-lebrun-self-portait.png","width":1080,"height":1080,"caption":"Nicolas"},"logo":{"@id":"https:\/\/nicolas-lebrun.fr\/wp-content\/uploads\/2022\/10\/nicolas-lebrun-self-portait.png"},"sameAs":["https:\/\/www.instagram.com\/nclslbrn","https:\/\/x.com\/nclslbrn"]}]}},"_links":{"self":[{"href":"https:\/\/nicolas-lebrun.fr\/fr\/wp-json\/wp\/v2\/pages\/243","targetHints":{"allow":["GET"]}}],"collection":[{"href":"https:\/\/nicolas-lebrun.fr\/fr\/wp-json\/wp\/v2\/pages"}],"about":[{"href":"https:\/\/nicolas-lebrun.fr\/fr\/wp-json\/wp\/v2\/types\/page"}],"author":[{"embeddable":true,"href":"https:\/\/nicolas-lebrun.fr\/fr\/wp-json\/wp\/v2\/users\/1"}],"replies":[{"embeddable":true,"href":"https:\/\/nicolas-lebrun.fr\/fr\/wp-json\/wp\/v2\/comments?post=243"}],"version-history":[{"count":5,"href":"https:\/\/nicolas-lebrun.fr\/fr\/wp-json\/wp\/v2\/pages\/243\/revisions"}],"predecessor-version":[{"id":1238,"href":"https:\/\/nicolas-lebrun.fr\/fr\/wp-json\/wp\/v2\/pages\/243\/revisions\/1238"}],"wp:attachment":[{"href":"https:\/\/nicolas-lebrun.fr\/fr\/wp-json\/wp\/v2\/media?parent=243"}],"curies":[{"name":"wp","href":"https:\/\/api.w.org\/{rel}","templated":true}]}}