{"id":15,"date":"2015-05-29T14:49:45","date_gmt":"2015-05-29T13:49:45","guid":{"rendered":"http:\/\/nicolas-lebrun.fr\/?page_id=15"},"modified":"2022-10-31T20:13:59","modified_gmt":"2022-10-31T19:13:59","slug":"accueil","status":"publish","type":"page","link":"https:\/\/nicolas-lebrun.fr\/fr\/","title":{"rendered":"Projets"},"content":{"rendered":"","protected":false},"excerpt":{"rendered":"","protected":false},"author":1,"featured_media":1241,"parent":0,"menu_order":0,"comment_status":"closed","ping_status":"closed","template":"homepage.php","meta":{"footnotes":""},"class_list":["post-15","page","type-page","status-publish","has-post-thumbnail","hentry"],"yoast_head":"<!-- This site is optimized with the Yoast SEO plugin v27.3 - https:\/\/yoast.com\/product\/yoast-seo-wordpress\/ -->\n<title>Projets - Nicolas Lebrun<\/title>\n<meta name=\"description\" content=\"{:fr}S\u00e9lection de projets illustrant les recherches artistiques de Nicolas Lebrun sur les protocoles de cr\u00e9ation et l&#039;art g\u00e9n\u00e9ratif.{:en}Selection of projects illustrating Nicolas Lebrun&#039;s artistic research on creation protocols and Generative Art.{:}\" \/>\n<meta name=\"robots\" content=\"index, follow, max-snippet:-1, max-image-preview:large, max-video-preview:-1\" \/>\n<link rel=\"canonical\" href=\"https:\/\/nicolas-lebrun.fr\/\" \/>\n<meta property=\"og:locale\" content=\"fr_FR\" \/>\n<meta property=\"og:type\" content=\"article\" \/>\n<meta property=\"og:title\" content=\"[:fr]Projets[:en]Works[:] - Nicolas Lebrun\" \/>\n<meta property=\"og:description\" content=\"{:fr}S\u00e9lection de projets illustrant les recherches artistiques de Nicolas Lebrun sur les protocoles de cr\u00e9ation et l&#039;art g\u00e9n\u00e9ratif.{:en}Selection of projects illustrating Nicolas Lebrun&#039;s artistic research on creation protocols and Generative Art.{:}\" \/>\n<meta property=\"og:url\" content=\"https:\/\/nicolas-lebrun.fr\/\" \/>\n<meta property=\"og:site_name\" content=\"Nicolas Lebrun\" \/>\n<meta property=\"article:modified_time\" content=\"2022-10-31T19:13:59+00:00\" \/>\n<meta property=\"og:image\" content=\"https:\/\/nicolas-lebrun.fr\/wp-content\/uploads\/2022\/10\/nicolas-lebrun-self-portait.png\" \/>\n\t<meta property=\"og:image:width\" content=\"1080\" \/>\n\t<meta property=\"og:image:height\" content=\"1080\" \/>\n\t<meta property=\"og:image:type\" content=\"image\/png\" \/>\n<meta name=\"twitter:card\" content=\"summary_large_image\" \/>\n<meta name=\"twitter:site\" content=\"@nclslbrn\" \/>\n<script type=\"application\/ld+json\" class=\"yoast-schema-graph\">{\"@context\":\"https:\\\/\\\/schema.org\",\"@graph\":[{\"@type\":\"WebPage\",\"@id\":\"https:\\\/\\\/nicolas-lebrun.fr\\\/\",\"url\":\"https:\\\/\\\/nicolas-lebrun.fr\\\/\",\"name\":\"[:fr]Projets[:en]Works[:] - Nicolas Lebrun\",\"isPartOf\":{\"@id\":\"https:\\\/\\\/nicolas-lebrun.fr\\\/#website\"},\"primaryImageOfPage\":{\"@id\":\"https:\\\/\\\/nicolas-lebrun.fr\\\/#primaryimage\"},\"image\":{\"@id\":\"https:\\\/\\\/nicolas-lebrun.fr\\\/#primaryimage\"},\"thumbnailUrl\":\"https:\\\/\\\/nicolas-lebrun.fr\\\/wp-content\\\/uploads\\\/2022\\\/10\\\/nicolas-lebrun-self-portait.png\",\"datePublished\":\"2015-05-29T13:49:45+00:00\",\"dateModified\":\"2022-10-31T19:13:59+00:00\",\"description\":\"{:fr}S\u00e9lection de projets illustrant les recherches artistiques de Nicolas Lebrun sur les protocoles de cr\u00e9ation et l'art g\u00e9n\u00e9ratif.{:en}Selection of projects illustrating Nicolas Lebrun's artistic research on creation protocols and Generative Art.{:}\",\"breadcrumb\":{\"@id\":\"https:\\\/\\\/nicolas-lebrun.fr\\\/#breadcrumb\"},\"inLanguage\":\"fr-FR\",\"potentialAction\":[{\"@type\":\"ReadAction\",\"target\":[\"https:\\\/\\\/nicolas-lebrun.fr\\\/\"]}]},{\"@type\":\"ImageObject\",\"inLanguage\":\"fr-FR\",\"@id\":\"https:\\\/\\\/nicolas-lebrun.fr\\\/#primaryimage\",\"url\":\"https:\\\/\\\/nicolas-lebrun.fr\\\/wp-content\\\/uploads\\\/2022\\\/10\\\/nicolas-lebrun-self-portait.png\",\"contentUrl\":\"https:\\\/\\\/nicolas-lebrun.fr\\\/wp-content\\\/uploads\\\/2022\\\/10\\\/nicolas-lebrun-self-portait.png\",\"width\":1080,\"height\":1080,\"caption\":\"Straight line portrait\"},{\"@type\":\"BreadcrumbList\",\"@id\":\"https:\\\/\\\/nicolas-lebrun.fr\\\/#breadcrumb\",\"itemListElement\":[{\"@type\":\"ListItem\",\"position\":1,\"name\":\"Accueil\",\"item\":\"https:\\\/\\\/nicolas-lebrun.fr\\\/\"},{\"@type\":\"ListItem\",\"position\":2,\"name\":\"Projets\"}]},{\"@type\":\"WebSite\",\"@id\":\"https:\\\/\\\/nicolas-lebrun.fr\\\/#website\",\"url\":\"https:\\\/\\\/nicolas-lebrun.fr\\\/\",\"name\":\"Nicolas Lebrun\",\"description\":\"\",\"publisher\":{\"@id\":\"https:\\\/\\\/nicolas-lebrun.fr\\\/#\\\/schema\\\/person\\\/be9e5e7b3dddc1665dcce551d8cb9ee2\"},\"alternateName\":\"N.Lebrun\",\"potentialAction\":[{\"@type\":\"SearchAction\",\"target\":{\"@type\":\"EntryPoint\",\"urlTemplate\":\"https:\\\/\\\/nicolas-lebrun.fr\\\/?s={search_term_string}\"},\"query-input\":{\"@type\":\"PropertyValueSpecification\",\"valueRequired\":true,\"valueName\":\"search_term_string\"}}],\"inLanguage\":\"fr-FR\"},{\"@type\":[\"Person\",\"Organization\"],\"@id\":\"https:\\\/\\\/nicolas-lebrun.fr\\\/#\\\/schema\\\/person\\\/be9e5e7b3dddc1665dcce551d8cb9ee2\",\"name\":\"Nicolas\",\"image\":{\"@type\":\"ImageObject\",\"inLanguage\":\"fr-FR\",\"@id\":\"https:\\\/\\\/nicolas-lebrun.fr\\\/wp-content\\\/uploads\\\/2022\\\/10\\\/nicolas-lebrun-self-portait.png\",\"url\":\"https:\\\/\\\/nicolas-lebrun.fr\\\/wp-content\\\/uploads\\\/2022\\\/10\\\/nicolas-lebrun-self-portait.png\",\"contentUrl\":\"https:\\\/\\\/nicolas-lebrun.fr\\\/wp-content\\\/uploads\\\/2022\\\/10\\\/nicolas-lebrun-self-portait.png\",\"width\":1080,\"height\":1080,\"caption\":\"Nicolas\"},\"logo\":{\"@id\":\"https:\\\/\\\/nicolas-lebrun.fr\\\/wp-content\\\/uploads\\\/2022\\\/10\\\/nicolas-lebrun-self-portait.png\"},\"sameAs\":[\"https:\\\/\\\/www.instagram.com\\\/nclslbrn\",\"https:\\\/\\\/x.com\\\/nclslbrn\"]}]}<\/script>\n<!-- \/ Yoast SEO plugin. -->","yoast_head_json":{"title":"[:fr]Projets[:en]Works[:] - Nicolas Lebrun","description":"{:fr}S\u00e9lection de projets illustrant les recherches artistiques de Nicolas Lebrun sur les protocoles de cr\u00e9ation et l'art g\u00e9n\u00e9ratif.{:en}Selection of projects illustrating Nicolas Lebrun's artistic research on creation protocols and Generative Art.{:}","robots":{"index":"index","follow":"follow","max-snippet":"max-snippet:-1","max-image-preview":"max-image-preview:large","max-video-preview":"max-video-preview:-1"},"canonical":"https:\/\/nicolas-lebrun.fr\/","og_locale":"fr_FR","og_type":"article","og_title":"[:fr]Projets[:en]Works[:] - Nicolas Lebrun","og_description":"{:fr}S\u00e9lection de projets illustrant les recherches artistiques de Nicolas Lebrun sur les protocoles de cr\u00e9ation et l'art g\u00e9n\u00e9ratif.{:en}Selection of projects illustrating Nicolas Lebrun's artistic research on creation protocols and Generative Art.{:}","og_url":"https:\/\/nicolas-lebrun.fr\/","og_site_name":"Nicolas Lebrun","article_modified_time":"2022-10-31T19:13:59+00:00","og_image":[{"width":1080,"height":1080,"url":"https:\/\/nicolas-lebrun.fr\/wp-content\/uploads\/2022\/10\/nicolas-lebrun-self-portait.png","type":"image\/png"}],"twitter_card":"summary_large_image","twitter_site":"@nclslbrn","schema":{"@context":"https:\/\/schema.org","@graph":[{"@type":"WebPage","@id":"https:\/\/nicolas-lebrun.fr\/","url":"https:\/\/nicolas-lebrun.fr\/","name":"[:fr]Projets[:en]Works[:] - Nicolas Lebrun","isPartOf":{"@id":"https:\/\/nicolas-lebrun.fr\/#website"},"primaryImageOfPage":{"@id":"https:\/\/nicolas-lebrun.fr\/#primaryimage"},"image":{"@id":"https:\/\/nicolas-lebrun.fr\/#primaryimage"},"thumbnailUrl":"https:\/\/nicolas-lebrun.fr\/wp-content\/uploads\/2022\/10\/nicolas-lebrun-self-portait.png","datePublished":"2015-05-29T13:49:45+00:00","dateModified":"2022-10-31T19:13:59+00:00","description":"{:fr}S\u00e9lection de projets illustrant les recherches artistiques de Nicolas Lebrun sur les protocoles de cr\u00e9ation et l'art g\u00e9n\u00e9ratif.{:en}Selection of projects illustrating Nicolas Lebrun's artistic research on creation protocols and Generative Art.{:}","breadcrumb":{"@id":"https:\/\/nicolas-lebrun.fr\/#breadcrumb"},"inLanguage":"fr-FR","potentialAction":[{"@type":"ReadAction","target":["https:\/\/nicolas-lebrun.fr\/"]}]},{"@type":"ImageObject","inLanguage":"fr-FR","@id":"https:\/\/nicolas-lebrun.fr\/#primaryimage","url":"https:\/\/nicolas-lebrun.fr\/wp-content\/uploads\/2022\/10\/nicolas-lebrun-self-portait.png","contentUrl":"https:\/\/nicolas-lebrun.fr\/wp-content\/uploads\/2022\/10\/nicolas-lebrun-self-portait.png","width":1080,"height":1080,"caption":"Straight line portrait"},{"@type":"BreadcrumbList","@id":"https:\/\/nicolas-lebrun.fr\/#breadcrumb","itemListElement":[{"@type":"ListItem","position":1,"name":"Accueil","item":"https:\/\/nicolas-lebrun.fr\/"},{"@type":"ListItem","position":2,"name":"Projets"}]},{"@type":"WebSite","@id":"https:\/\/nicolas-lebrun.fr\/#website","url":"https:\/\/nicolas-lebrun.fr\/","name":"Nicolas Lebrun","description":"","publisher":{"@id":"https:\/\/nicolas-lebrun.fr\/#\/schema\/person\/be9e5e7b3dddc1665dcce551d8cb9ee2"},"alternateName":"N.Lebrun","potentialAction":[{"@type":"SearchAction","target":{"@type":"EntryPoint","urlTemplate":"https:\/\/nicolas-lebrun.fr\/?s={search_term_string}"},"query-input":{"@type":"PropertyValueSpecification","valueRequired":true,"valueName":"search_term_string"}}],"inLanguage":"fr-FR"},{"@type":["Person","Organization"],"@id":"https:\/\/nicolas-lebrun.fr\/#\/schema\/person\/be9e5e7b3dddc1665dcce551d8cb9ee2","name":"Nicolas","image":{"@type":"ImageObject","inLanguage":"fr-FR","@id":"https:\/\/nicolas-lebrun.fr\/wp-content\/uploads\/2022\/10\/nicolas-lebrun-self-portait.png","url":"https:\/\/nicolas-lebrun.fr\/wp-content\/uploads\/2022\/10\/nicolas-lebrun-self-portait.png","contentUrl":"https:\/\/nicolas-lebrun.fr\/wp-content\/uploads\/2022\/10\/nicolas-lebrun-self-portait.png","width":1080,"height":1080,"caption":"Nicolas"},"logo":{"@id":"https:\/\/nicolas-lebrun.fr\/wp-content\/uploads\/2022\/10\/nicolas-lebrun-self-portait.png"},"sameAs":["https:\/\/www.instagram.com\/nclslbrn","https:\/\/x.com\/nclslbrn"]}]}},"_links":{"self":[{"href":"https:\/\/nicolas-lebrun.fr\/fr\/wp-json\/wp\/v2\/pages\/15","targetHints":{"allow":["GET"]}}],"collection":[{"href":"https:\/\/nicolas-lebrun.fr\/fr\/wp-json\/wp\/v2\/pages"}],"about":[{"href":"https:\/\/nicolas-lebrun.fr\/fr\/wp-json\/wp\/v2\/types\/page"}],"author":[{"embeddable":true,"href":"https:\/\/nicolas-lebrun.fr\/fr\/wp-json\/wp\/v2\/users\/1"}],"replies":[{"embeddable":true,"href":"https:\/\/nicolas-lebrun.fr\/fr\/wp-json\/wp\/v2\/comments?post=15"}],"version-history":[{"count":4,"href":"https:\/\/nicolas-lebrun.fr\/fr\/wp-json\/wp\/v2\/pages\/15\/revisions"}],"predecessor-version":[{"id":249,"href":"https:\/\/nicolas-lebrun.fr\/fr\/wp-json\/wp\/v2\/pages\/15\/revisions\/249"}],"wp:featuredmedia":[{"embeddable":true,"href":"https:\/\/nicolas-lebrun.fr\/fr\/wp-json\/wp\/v2\/media\/1241"}],"wp:attachment":[{"href":"https:\/\/nicolas-lebrun.fr\/fr\/wp-json\/wp\/v2\/media?parent=15"}],"curies":[{"name":"wp","href":"https:\/\/api.w.org\/{rel}","templated":true}]}}