{"id":389,"date":"2016-07-08T12:16:10","date_gmt":"2016-07-08T11:16:10","guid":{"rendered":"http:\/\/nicolas-lebrun.fr\/?page_id=389"},"modified":"2025-12-05T17:18:09","modified_gmt":"2025-12-05T16:18:09","slug":"a-propos","status":"publish","type":"page","link":"https:\/\/nicolas-lebrun.fr\/en\/a-propos\/","title":{"rendered":"About"},"content":{"rendered":"<p>Nicolas Lebrun was born in 1985 in Carpentras (France). A graduate of the \u00c9cole des Beaux-Arts in Montpellier, he has lived and worked in this city since his studies.<\/p>\n\n\n\n<p>After an initial period (2009-2015) dedicated to interactive installations questioning materiality and the artwork\/viewer relationship, his practice evolved towards systematic series based on the use of rigorous creative protocols. These protocols allow his programs to exist as autonomous and accessible creations, deploying in protean forms: digital\/global, physical\/local, or hybrid.<\/p>\n\n\n\n<p>His work primarily explores human perception of space and techniques for representing depth on a two-dimensional plane. Through drawing as a means of formal research, he develops a recurring lexicon: stacked cubes evoking Suprematist compositions, wireframe renderings with a retro aesthetic, polygonal entanglements. This apparent formal economy becomes the ground for constant reinvention of alteration processes.<\/p>\n\n\n\n<p>Each project functions as a system endowed with an initial state and a transformation process that ultimately freezes the composition. These mutations take on an ambivalent aspect: they alter to construct or destroy, sometimes creating something new through destruction itself. This interest in the alteration of a composition echoes our relationship to images and reality in the contemporary media space. Thus, each of his experiments and each variation it produces can be considered as a viewpoint, a perception, or a deformation of reality. This transformation of the image evokes a decomposition or multiplication of a more global reality\u2014that of science, society, or history. Sometimes, the compositions are themselves stratifications, layers where multiple processes operate simultaneously, creating juxtapositions of forms, an amalgam of different perceptions. The artist thus places the viewer in a tension between multiple viewpoints that participate in deconstructing reality, making it diverge.<\/p>\n\n\n\n<p>His research deepens the question of interdependent relationships between elements: how does a form define itself through its relation to others, how do structural constraints generate new expressive possibilities? His projects explore phenomena of superposition, entanglement, and passage, where each element exists only through and within its relation to the whole. By multiplying layers and perspectives within a single composition, his work reflects the contemporary condition of the image: this accumulation of representations that overlap, contradict each other, and end up constituting a screen as much as a window onto reality. His works thus testify to the growing difficulty of discerning a stable reality beneath the continuous flow of interpretations.<\/p>\n\n\n\n<blockquote class=\"wp-block-quote is-layout-flow wp-block-quote-is-layout-flow\">\n<p>I have, for about twenty years, produced with great obstinacy systematic works whose line of conduct has been to reduce my arbitrary decisions to a minimum. In order to limit my sensitivity as an &#8216;Artist&#8217; I have suppressed composition, removed all interest in execution, and rigorously applied simple and obvious systems which can develop, either through actual chance or through the participation of the viewer.<\/p>\n<\/blockquote>\n\n\n\n<p><small>\u2013 Fran\u00e7ois Morellet, <em>Du spectateur au spectateur ou l\u2019art de d\u00e9baller son pique-nique<\/em>, 1971.<\/small><\/p>\n\n\n\n<p>&nbsp;<\/p>","protected":false},"excerpt":{"rendered":"<p>Nicolas Lebrun was born in 1985 in Carpentras (France). A graduate of the \u00c9cole des Beaux-Arts in Montpellier, he has lived and worked in this city since his studies. After an initial period (2009-2015) dedicated to interactive installations questioning materiality and the artwork\/viewer relationship, his practice evolved towards systematic series based on the use of [&hellip;]<\/p>\n","protected":false},"author":1,"featured_media":0,"parent":0,"menu_order":0,"comment_status":"closed","ping_status":"closed","template":"","meta":{"footnotes":""},"class_list":["post-389","page","type-page","status-publish","hentry"],"yoast_head":"<!-- This site is optimized with the Yoast SEO plugin v27.4 - https:\/\/yoast.com\/product\/yoast-seo-wordpress\/ -->\n<title>About - Nicolas Lebrun<\/title>\n<meta name=\"description\" content=\"{:fr}Nicolas Lebrun est n\u00e9 en 1985 \u00e0 Carpentras (France), il est dipl\u00f4m\u00e9 de l\u2019\u00e9cole des Beaux-arts de Montpellier, ville o\u00f9 il vit et travaille depuis.Initialement int\u00e9ress\u00e9 par la musique, il d\u00e9veloppe depuis 2010 une pratique artistique \u00e0 l\u2019aide de protocoles de cr\u00e9ations, ce qui l\u2019am\u00e8ne souvent \u00e0 avoir recours \u00e0 la programmation. Sa recherche m\u00eale imagerie scientifique et abstraction. Ces pi\u00e8ces rev\u00eatent souvent la forme d\u2019une liste ou d\u2019un lexique (variations autour d\u2019une m\u00eame forme ou d\u2019un proc\u00e9d\u00e9, \u00e9chantillonnage de m\u00e9dia ou d\u2019archives, travail en s\u00e9rie\u2026).{:en}Nicolas Lebrun was born in 1985 in Carpentras (France), he graduated from the School of Fine Arts in Montpellier, where he lives and works since. Initially interested in music, since 2010 he has been developing an artistic practice using creative protocols, which often leads him to use programming. His research mixes scientific imagery and abstraction. These pieces often take the form of a list or a lexicon (variations around the same form or a process, sampling of media or archives, serial work ...).{:}\" \/>\n<meta name=\"robots\" content=\"index, follow, max-snippet:-1, max-image-preview:large, max-video-preview:-1\" \/>\n<link rel=\"canonical\" href=\"https:\/\/nicolas-lebrun.fr\/a-propos\/\" \/>\n<meta property=\"og:locale\" content=\"en_US\" \/>\n<meta property=\"og:type\" content=\"article\" \/>\n<meta property=\"og:title\" content=\"[:fr]\u00c0 Propos[:en]About[:] - Nicolas Lebrun\" \/>\n<meta property=\"og:description\" content=\"{:fr}Nicolas Lebrun est n\u00e9 en 1985 \u00e0 Carpentras (France), il est dipl\u00f4m\u00e9 de l\u2019\u00e9cole des Beaux-arts de Montpellier, ville o\u00f9 il vit et travaille depuis.Initialement int\u00e9ress\u00e9 par la musique, il d\u00e9veloppe depuis 2010 une pratique artistique \u00e0 l\u2019aide de protocoles de cr\u00e9ations, ce qui l\u2019am\u00e8ne souvent \u00e0 avoir recours \u00e0 la programmation. Sa recherche m\u00eale imagerie scientifique et abstraction. Ces pi\u00e8ces rev\u00eatent souvent la forme d\u2019une liste ou d\u2019un lexique (variations autour d\u2019une m\u00eame forme ou d\u2019un proc\u00e9d\u00e9, \u00e9chantillonnage de m\u00e9dia ou d\u2019archives, travail en s\u00e9rie\u2026).{:en}Nicolas Lebrun was born in 1985 in Carpentras (France), he graduated from the School of Fine Arts in Montpellier, where he lives and works since. Initially interested in music, since 2010 he has been developing an artistic practice using creative protocols, which often leads him to use programming. His research mixes scientific imagery and abstraction. These pieces often take the form of a list or a lexicon (variations around the same form or a process, sampling of media or archives, serial work ...).{:}\" \/>\n<meta property=\"og:url\" content=\"https:\/\/nicolas-lebrun.fr\/a-propos\/\" \/>\n<meta property=\"og:site_name\" content=\"Nicolas Lebrun\" \/>\n<meta property=\"article:modified_time\" content=\"2025-12-05T16:18:09+00:00\" \/>\n<meta name=\"twitter:card\" content=\"summary_large_image\" \/>\n<meta name=\"twitter:site\" content=\"@nclslbrn\" \/>\n<meta name=\"twitter:label1\" content=\"Est. reading time\" \/>\n\t<meta name=\"twitter:data1\" content=\"2 minutes\" \/>\n<script type=\"application\/ld+json\" class=\"yoast-schema-graph\">{\"@context\":\"https:\\\/\\\/schema.org\",\"@graph\":[{\"@type\":\"WebPage\",\"@id\":\"https:\\\/\\\/nicolas-lebrun.fr\\\/a-propos\\\/\",\"url\":\"https:\\\/\\\/nicolas-lebrun.fr\\\/a-propos\\\/\",\"name\":\"[:fr]\u00c0 Propos[:en]About[:] - Nicolas Lebrun\",\"isPartOf\":{\"@id\":\"https:\\\/\\\/nicolas-lebrun.fr\\\/#website\"},\"datePublished\":\"2016-07-08T11:16:10+00:00\",\"dateModified\":\"2025-12-05T16:18:09+00:00\",\"description\":\"{:fr}Nicolas Lebrun est n\u00e9 en 1985 \u00e0 Carpentras (France), il est dipl\u00f4m\u00e9 de l\u2019\u00e9cole des Beaux-arts de Montpellier, ville o\u00f9 il vit et travaille depuis.Initialement int\u00e9ress\u00e9 par la musique, il d\u00e9veloppe depuis 2010 une pratique artistique \u00e0 l\u2019aide de protocoles de cr\u00e9ations, ce qui l\u2019am\u00e8ne souvent \u00e0 avoir recours \u00e0 la programmation. Sa recherche m\u00eale imagerie scientifique et abstraction. Ces pi\u00e8ces rev\u00eatent souvent la forme d\u2019une liste ou d\u2019un lexique (variations autour d\u2019une m\u00eame forme ou d\u2019un proc\u00e9d\u00e9, \u00e9chantillonnage de m\u00e9dia ou d\u2019archives, travail en s\u00e9rie\u2026).{:en}Nicolas Lebrun was born in 1985 in Carpentras (France), he graduated from the School of Fine Arts in Montpellier, where he lives and works since. Initially interested in music, since 2010 he has been developing an artistic practice using creative protocols, which often leads him to use programming. His research mixes scientific imagery and abstraction. These pieces often take the form of a list or a lexicon (variations around the same form or a process, sampling of media or archives, serial work ...).{:}\",\"breadcrumb\":{\"@id\":\"https:\\\/\\\/nicolas-lebrun.fr\\\/a-propos\\\/#breadcrumb\"},\"inLanguage\":\"en-US\",\"potentialAction\":[{\"@type\":\"ReadAction\",\"target\":[\"https:\\\/\\\/nicolas-lebrun.fr\\\/a-propos\\\/\"]}]},{\"@type\":\"BreadcrumbList\",\"@id\":\"https:\\\/\\\/nicolas-lebrun.fr\\\/a-propos\\\/#breadcrumb\",\"itemListElement\":[{\"@type\":\"ListItem\",\"position\":1,\"name\":\"Accueil\",\"item\":\"https:\\\/\\\/nicolas-lebrun.fr\\\/\"},{\"@type\":\"ListItem\",\"position\":2,\"name\":\"About\"}]},{\"@type\":\"WebSite\",\"@id\":\"https:\\\/\\\/nicolas-lebrun.fr\\\/#website\",\"url\":\"https:\\\/\\\/nicolas-lebrun.fr\\\/\",\"name\":\"Nicolas Lebrun\",\"description\":\"\",\"publisher\":{\"@id\":\"https:\\\/\\\/nicolas-lebrun.fr\\\/#\\\/schema\\\/person\\\/be9e5e7b3dddc1665dcce551d8cb9ee2\"},\"alternateName\":\"N.Lebrun\",\"potentialAction\":[{\"@type\":\"SearchAction\",\"target\":{\"@type\":\"EntryPoint\",\"urlTemplate\":\"https:\\\/\\\/nicolas-lebrun.fr\\\/?s={search_term_string}\"},\"query-input\":{\"@type\":\"PropertyValueSpecification\",\"valueRequired\":true,\"valueName\":\"search_term_string\"}}],\"inLanguage\":\"en-US\"},{\"@type\":[\"Person\",\"Organization\"],\"@id\":\"https:\\\/\\\/nicolas-lebrun.fr\\\/#\\\/schema\\\/person\\\/be9e5e7b3dddc1665dcce551d8cb9ee2\",\"name\":\"Nicolas\",\"image\":{\"@type\":\"ImageObject\",\"inLanguage\":\"en-US\",\"@id\":\"https:\\\/\\\/nicolas-lebrun.fr\\\/wp-content\\\/uploads\\\/2022\\\/10\\\/nicolas-lebrun-self-portait.png\",\"url\":\"https:\\\/\\\/nicolas-lebrun.fr\\\/wp-content\\\/uploads\\\/2022\\\/10\\\/nicolas-lebrun-self-portait.png\",\"contentUrl\":\"https:\\\/\\\/nicolas-lebrun.fr\\\/wp-content\\\/uploads\\\/2022\\\/10\\\/nicolas-lebrun-self-portait.png\",\"width\":1080,\"height\":1080,\"caption\":\"Nicolas\"},\"logo\":{\"@id\":\"https:\\\/\\\/nicolas-lebrun.fr\\\/wp-content\\\/uploads\\\/2022\\\/10\\\/nicolas-lebrun-self-portait.png\"},\"sameAs\":[\"https:\\\/\\\/www.instagram.com\\\/nclslbrn\",\"https:\\\/\\\/x.com\\\/nclslbrn\"]}]}<\/script>\n<!-- \/ Yoast SEO plugin. -->","yoast_head_json":{"title":"[:fr]\u00c0 Propos[:en]About[:] - Nicolas Lebrun","description":"{:fr}Nicolas Lebrun est n\u00e9 en 1985 \u00e0 Carpentras (France), il est dipl\u00f4m\u00e9 de l\u2019\u00e9cole des Beaux-arts de Montpellier, ville o\u00f9 il vit et travaille depuis.Initialement int\u00e9ress\u00e9 par la musique, il d\u00e9veloppe depuis 2010 une pratique artistique \u00e0 l\u2019aide de protocoles de cr\u00e9ations, ce qui l\u2019am\u00e8ne souvent \u00e0 avoir recours \u00e0 la programmation. Sa recherche m\u00eale imagerie scientifique et abstraction. Ces pi\u00e8ces rev\u00eatent souvent la forme d\u2019une liste ou d\u2019un lexique (variations autour d\u2019une m\u00eame forme ou d\u2019un proc\u00e9d\u00e9, \u00e9chantillonnage de m\u00e9dia ou d\u2019archives, travail en s\u00e9rie\u2026).{:en}Nicolas Lebrun was born in 1985 in Carpentras (France), he graduated from the School of Fine Arts in Montpellier, where he lives and works since. Initially interested in music, since 2010 he has been developing an artistic practice using creative protocols, which often leads him to use programming. His research mixes scientific imagery and abstraction. These pieces often take the form of a list or a lexicon (variations around the same form or a process, sampling of media or archives, serial work ...).{:}","robots":{"index":"index","follow":"follow","max-snippet":"max-snippet:-1","max-image-preview":"max-image-preview:large","max-video-preview":"max-video-preview:-1"},"canonical":"https:\/\/nicolas-lebrun.fr\/a-propos\/","og_locale":"en_US","og_type":"article","og_title":"[:fr]\u00c0 Propos[:en]About[:] - Nicolas Lebrun","og_description":"{:fr}Nicolas Lebrun est n\u00e9 en 1985 \u00e0 Carpentras (France), il est dipl\u00f4m\u00e9 de l\u2019\u00e9cole des Beaux-arts de Montpellier, ville o\u00f9 il vit et travaille depuis.Initialement int\u00e9ress\u00e9 par la musique, il d\u00e9veloppe depuis 2010 une pratique artistique \u00e0 l\u2019aide de protocoles de cr\u00e9ations, ce qui l\u2019am\u00e8ne souvent \u00e0 avoir recours \u00e0 la programmation. Sa recherche m\u00eale imagerie scientifique et abstraction. Ces pi\u00e8ces rev\u00eatent souvent la forme d\u2019une liste ou d\u2019un lexique (variations autour d\u2019une m\u00eame forme ou d\u2019un proc\u00e9d\u00e9, \u00e9chantillonnage de m\u00e9dia ou d\u2019archives, travail en s\u00e9rie\u2026).{:en}Nicolas Lebrun was born in 1985 in Carpentras (France), he graduated from the School of Fine Arts in Montpellier, where he lives and works since. Initially interested in music, since 2010 he has been developing an artistic practice using creative protocols, which often leads him to use programming. His research mixes scientific imagery and abstraction. These pieces often take the form of a list or a lexicon (variations around the same form or a process, sampling of media or archives, serial work ...).{:}","og_url":"https:\/\/nicolas-lebrun.fr\/a-propos\/","og_site_name":"Nicolas Lebrun","article_modified_time":"2025-12-05T16:18:09+00:00","twitter_card":"summary_large_image","twitter_site":"@nclslbrn","twitter_misc":{"Est. reading time":"2 minutes"},"schema":{"@context":"https:\/\/schema.org","@graph":[{"@type":"WebPage","@id":"https:\/\/nicolas-lebrun.fr\/a-propos\/","url":"https:\/\/nicolas-lebrun.fr\/a-propos\/","name":"[:fr]\u00c0 Propos[:en]About[:] - Nicolas Lebrun","isPartOf":{"@id":"https:\/\/nicolas-lebrun.fr\/#website"},"datePublished":"2016-07-08T11:16:10+00:00","dateModified":"2025-12-05T16:18:09+00:00","description":"{:fr}Nicolas Lebrun est n\u00e9 en 1985 \u00e0 Carpentras (France), il est dipl\u00f4m\u00e9 de l\u2019\u00e9cole des Beaux-arts de Montpellier, ville o\u00f9 il vit et travaille depuis.Initialement int\u00e9ress\u00e9 par la musique, il d\u00e9veloppe depuis 2010 une pratique artistique \u00e0 l\u2019aide de protocoles de cr\u00e9ations, ce qui l\u2019am\u00e8ne souvent \u00e0 avoir recours \u00e0 la programmation. Sa recherche m\u00eale imagerie scientifique et abstraction. Ces pi\u00e8ces rev\u00eatent souvent la forme d\u2019une liste ou d\u2019un lexique (variations autour d\u2019une m\u00eame forme ou d\u2019un proc\u00e9d\u00e9, \u00e9chantillonnage de m\u00e9dia ou d\u2019archives, travail en s\u00e9rie\u2026).{:en}Nicolas Lebrun was born in 1985 in Carpentras (France), he graduated from the School of Fine Arts in Montpellier, where he lives and works since. Initially interested in music, since 2010 he has been developing an artistic practice using creative protocols, which often leads him to use programming. His research mixes scientific imagery and abstraction. These pieces often take the form of a list or a lexicon (variations around the same form or a process, sampling of media or archives, serial work ...).{:}","breadcrumb":{"@id":"https:\/\/nicolas-lebrun.fr\/a-propos\/#breadcrumb"},"inLanguage":"en-US","potentialAction":[{"@type":"ReadAction","target":["https:\/\/nicolas-lebrun.fr\/a-propos\/"]}]},{"@type":"BreadcrumbList","@id":"https:\/\/nicolas-lebrun.fr\/a-propos\/#breadcrumb","itemListElement":[{"@type":"ListItem","position":1,"name":"Accueil","item":"https:\/\/nicolas-lebrun.fr\/"},{"@type":"ListItem","position":2,"name":"About"}]},{"@type":"WebSite","@id":"https:\/\/nicolas-lebrun.fr\/#website","url":"https:\/\/nicolas-lebrun.fr\/","name":"Nicolas Lebrun","description":"","publisher":{"@id":"https:\/\/nicolas-lebrun.fr\/#\/schema\/person\/be9e5e7b3dddc1665dcce551d8cb9ee2"},"alternateName":"N.Lebrun","potentialAction":[{"@type":"SearchAction","target":{"@type":"EntryPoint","urlTemplate":"https:\/\/nicolas-lebrun.fr\/?s={search_term_string}"},"query-input":{"@type":"PropertyValueSpecification","valueRequired":true,"valueName":"search_term_string"}}],"inLanguage":"en-US"},{"@type":["Person","Organization"],"@id":"https:\/\/nicolas-lebrun.fr\/#\/schema\/person\/be9e5e7b3dddc1665dcce551d8cb9ee2","name":"Nicolas","image":{"@type":"ImageObject","inLanguage":"en-US","@id":"https:\/\/nicolas-lebrun.fr\/wp-content\/uploads\/2022\/10\/nicolas-lebrun-self-portait.png","url":"https:\/\/nicolas-lebrun.fr\/wp-content\/uploads\/2022\/10\/nicolas-lebrun-self-portait.png","contentUrl":"https:\/\/nicolas-lebrun.fr\/wp-content\/uploads\/2022\/10\/nicolas-lebrun-self-portait.png","width":1080,"height":1080,"caption":"Nicolas"},"logo":{"@id":"https:\/\/nicolas-lebrun.fr\/wp-content\/uploads\/2022\/10\/nicolas-lebrun-self-portait.png"},"sameAs":["https:\/\/www.instagram.com\/nclslbrn","https:\/\/x.com\/nclslbrn"]}]}},"_links":{"self":[{"href":"https:\/\/nicolas-lebrun.fr\/en\/wp-json\/wp\/v2\/pages\/389","targetHints":{"allow":["GET"]}}],"collection":[{"href":"https:\/\/nicolas-lebrun.fr\/en\/wp-json\/wp\/v2\/pages"}],"about":[{"href":"https:\/\/nicolas-lebrun.fr\/en\/wp-json\/wp\/v2\/types\/page"}],"author":[{"embeddable":true,"href":"https:\/\/nicolas-lebrun.fr\/en\/wp-json\/wp\/v2\/users\/1"}],"replies":[{"embeddable":true,"href":"https:\/\/nicolas-lebrun.fr\/en\/wp-json\/wp\/v2\/comments?post=389"}],"version-history":[{"count":95,"href":"https:\/\/nicolas-lebrun.fr\/en\/wp-json\/wp\/v2\/pages\/389\/revisions"}],"predecessor-version":[{"id":2410,"href":"https:\/\/nicolas-lebrun.fr\/en\/wp-json\/wp\/v2\/pages\/389\/revisions\/2410"}],"wp:attachment":[{"href":"https:\/\/nicolas-lebrun.fr\/en\/wp-json\/wp\/v2\/media?parent=389"}],"curies":[{"name":"wp","href":"https:\/\/api.w.org\/{rel}","templated":true}]}}