{"id":243,"date":"2015-10-25T11:04:48","date_gmt":"2015-10-25T10:04:48","guid":{"rendered":"http:\/\/nicolas-lebrun.fr\/fr\/?page_id=243"},"modified":"2022-10-31T19:53:55","modified_gmt":"2022-10-31T18:53:55","slug":"mentions-legales","status":"publish","type":"page","link":"https:\/\/nicolas-lebrun.fr\/en\/mentions-legales\/","title":{"rendered":"Legal notice"},"content":{"rendered":"<p>Owner and editor of the site nicolas-lebrun.fr : Nicolas Lebrun<br \/>\nAddress : 12 rue du ch\u00e8vrefeuille 34000 Montpellier<br \/>\nEmail : nclslbrn@gmail.com<br \/>\nPhone number : 09 84 08 89 75<br \/>\nFax number : 09 89 08 89 75<br \/>\nHosted by the Company OVH.com &#8211; 140 Quai du Sartel &#8211; 59100 Roubaix.<\/p>\n<h2>Copyrights<\/h2>\n<p>The site nicolas-lebrun.fr constitutes a work of the spirit within the meaning of the provisions of the articles L 111-1 and following of the Code of the Intellectual property and, as such, Nicolas Lebrun profits in his quality of author of this original creation of a protection and the rights reserved by the law.<\/p>\n<p>The texts, photos, drawings, graphics and other elements of this site are protected by copyright. Any copy, adaptation, translation, modification, and other exploitation, modification of all or part of the site in any form and by any means whatsoever, mechanical or otherwise, is strictly prohibited without prior written consent by Nicolas Lebrun.<\/p>\n<p>Any reproduction or representation, integral or partial, made without the assent of the author, would be illicit and would constitute a counterfeit, engaging the civil or penal liability of the author of the counterfeit.<br \/>\nLogos, images and brands or any other element related to other companies quoted or used on the nicolas-lebrun.fr site are the respective property of their authors.<br \/>\nnicolas-lebrun.fr contains links to other sites, and is not responsible for the information and contents of the sites for which a link is proposed. These links are proposed in an aim of information of the Internet user.<\/p>\n<h2>Data processing and liberties<\/h2>\n<p>In accordance with the Data-processing law and Freedom of January 06, 1978, the people having provided personal information have a total right of glance on those. You have the right to access, modify, rectify and delete data concerning you (art. 34 of the law on Information Technology and Liberties). You can exercise this right by writing to us by mail or at the following address Nicolas Lebrun, 12 rue du ch\u00e8vrefeuille 34000 Montpellier. Moreover, no personal information is collected without the knowledge of the users of the site, nor given to third parties, nor used for purposes not provided. This information likely to be collected on the present site being exclusively intended for the treatment of your request of inscription to the Newsletter or of taking contact by the means of the corresponding forms.<\/p>\n<p><\/p>","protected":false},"excerpt":{"rendered":"<p>Owner and editor of the site nicolas-lebrun.fr : Nicolas Lebrun Address : 12 rue du ch\u00e8vrefeuille 34000 Montpellier Email : nclslbrn@gmail.com Phone number : 09 84 08 89 75 Fax number : 09 89 08 89 75 Hosted by the Company OVH.com &#8211; 140 Quai du Sartel &#8211; 59100 Roubaix. Copyrights The site nicolas-lebrun.fr constitutes [&hellip;]<\/p>\n","protected":false},"author":1,"featured_media":0,"parent":0,"menu_order":0,"comment_status":"closed","ping_status":"closed","template":"","meta":{"footnotes":""},"class_list":["post-243","page","type-page","status-publish","hentry"],"yoast_head":"<!-- This site is optimized with the Yoast SEO plugin v27.4 - https:\/\/yoast.com\/product\/yoast-seo-wordpress\/ -->\n<title>Legal notice - Nicolas Lebrun<\/title>\n<meta name=\"description\" content=\"{:fr}Le site nicolas-lebrun.fr constitue une \u0153uvre de l\u2019esprit au sens des dispositions des articles L 111-1 et suivants du Code de la Propri\u00e9t\u00e9 Intellectuelle et, \u00e0 ce titre, Nicolas Lebrun b\u00e9n\u00e9ficie en sa qualit\u00e9 d\u2019auteur de cette cr\u00e9ation originale d\u2019une protection et des droits r\u00e9serv\u00e9s par la loi.{:en}The site nicolas-lebrun.fr constitutes a work of the spirit within the meaning of the provisions of the articles L 111-1 and following of the Code of the Intellectual property and, as such, Nicolas Lebrun profits in his quality of author of this original creation of a protection and the rights reserved by the law.{:}\" \/>\n<meta name=\"robots\" content=\"index, follow, max-snippet:-1, max-image-preview:large, max-video-preview:-1\" \/>\n<link rel=\"canonical\" href=\"https:\/\/nicolas-lebrun.fr\/mentions-legales\/\" \/>\n<meta property=\"og:locale\" content=\"en_US\" \/>\n<meta property=\"og:type\" content=\"article\" \/>\n<meta property=\"og:title\" content=\"[:fr]Mentions L\u00e9gales[:en]Legal notice[:] - Nicolas Lebrun\" \/>\n<meta property=\"og:description\" content=\"{:fr}Le site nicolas-lebrun.fr constitue une \u0153uvre de l\u2019esprit au sens des dispositions des articles L 111-1 et suivants du Code de la Propri\u00e9t\u00e9 Intellectuelle et, \u00e0 ce titre, Nicolas Lebrun b\u00e9n\u00e9ficie en sa qualit\u00e9 d\u2019auteur de cette cr\u00e9ation originale d\u2019une protection et des droits r\u00e9serv\u00e9s par la loi.{:en}The site nicolas-lebrun.fr constitutes a work of the spirit within the meaning of the provisions of the articles L 111-1 and following of the Code of the Intellectual property and, as such, Nicolas Lebrun profits in his quality of author of this original creation of a protection and the rights reserved by the law.{:}\" \/>\n<meta property=\"og:url\" content=\"https:\/\/nicolas-lebrun.fr\/mentions-legales\/\" \/>\n<meta property=\"og:site_name\" content=\"Nicolas Lebrun\" \/>\n<meta property=\"article:modified_time\" content=\"2022-10-31T18:53:55+00:00\" \/>\n<meta name=\"twitter:card\" content=\"summary_large_image\" \/>\n<meta name=\"twitter:site\" content=\"@nclslbrn\" \/>\n<meta name=\"twitter:label1\" content=\"Est. reading time\" \/>\n\t<meta name=\"twitter:data1\" content=\"2 minutes\" \/>\n<script type=\"application\/ld+json\" class=\"yoast-schema-graph\">{\"@context\":\"https:\\\/\\\/schema.org\",\"@graph\":[{\"@type\":\"WebPage\",\"@id\":\"https:\\\/\\\/nicolas-lebrun.fr\\\/mentions-legales\\\/\",\"url\":\"https:\\\/\\\/nicolas-lebrun.fr\\\/mentions-legales\\\/\",\"name\":\"[:fr]Mentions L\u00e9gales[:en]Legal notice[:] - Nicolas Lebrun\",\"isPartOf\":{\"@id\":\"https:\\\/\\\/nicolas-lebrun.fr\\\/#website\"},\"datePublished\":\"2015-10-25T10:04:48+00:00\",\"dateModified\":\"2022-10-31T18:53:55+00:00\",\"description\":\"{:fr}Le site nicolas-lebrun.fr constitue une \u0153uvre de l\u2019esprit au sens des dispositions des articles L 111-1 et suivants du Code de la Propri\u00e9t\u00e9 Intellectuelle et, \u00e0 ce titre, Nicolas Lebrun b\u00e9n\u00e9ficie en sa qualit\u00e9 d\u2019auteur de cette cr\u00e9ation originale d\u2019une protection et des droits r\u00e9serv\u00e9s par la loi.{:en}The site nicolas-lebrun.fr constitutes a work of the spirit within the meaning of the provisions of the articles L 111-1 and following of the Code of the Intellectual property and, as such, Nicolas Lebrun profits in his quality of author of this original creation of a protection and the rights reserved by the law.{:}\",\"breadcrumb\":{\"@id\":\"https:\\\/\\\/nicolas-lebrun.fr\\\/mentions-legales\\\/#breadcrumb\"},\"inLanguage\":\"en-US\",\"potentialAction\":[{\"@type\":\"ReadAction\",\"target\":[\"https:\\\/\\\/nicolas-lebrun.fr\\\/mentions-legales\\\/\"]}]},{\"@type\":\"BreadcrumbList\",\"@id\":\"https:\\\/\\\/nicolas-lebrun.fr\\\/mentions-legales\\\/#breadcrumb\",\"itemListElement\":[{\"@type\":\"ListItem\",\"position\":1,\"name\":\"Accueil\",\"item\":\"https:\\\/\\\/nicolas-lebrun.fr\\\/\"},{\"@type\":\"ListItem\",\"position\":2,\"name\":\"Mentions L\u00e9gales\"}]},{\"@type\":\"WebSite\",\"@id\":\"https:\\\/\\\/nicolas-lebrun.fr\\\/#website\",\"url\":\"https:\\\/\\\/nicolas-lebrun.fr\\\/\",\"name\":\"Nicolas Lebrun\",\"description\":\"\",\"publisher\":{\"@id\":\"https:\\\/\\\/nicolas-lebrun.fr\\\/#\\\/schema\\\/person\\\/be9e5e7b3dddc1665dcce551d8cb9ee2\"},\"alternateName\":\"N.Lebrun\",\"potentialAction\":[{\"@type\":\"SearchAction\",\"target\":{\"@type\":\"EntryPoint\",\"urlTemplate\":\"https:\\\/\\\/nicolas-lebrun.fr\\\/?s={search_term_string}\"},\"query-input\":{\"@type\":\"PropertyValueSpecification\",\"valueRequired\":true,\"valueName\":\"search_term_string\"}}],\"inLanguage\":\"en-US\"},{\"@type\":[\"Person\",\"Organization\"],\"@id\":\"https:\\\/\\\/nicolas-lebrun.fr\\\/#\\\/schema\\\/person\\\/be9e5e7b3dddc1665dcce551d8cb9ee2\",\"name\":\"Nicolas\",\"image\":{\"@type\":\"ImageObject\",\"inLanguage\":\"en-US\",\"@id\":\"https:\\\/\\\/nicolas-lebrun.fr\\\/wp-content\\\/uploads\\\/2022\\\/10\\\/nicolas-lebrun-self-portait.png\",\"url\":\"https:\\\/\\\/nicolas-lebrun.fr\\\/wp-content\\\/uploads\\\/2022\\\/10\\\/nicolas-lebrun-self-portait.png\",\"contentUrl\":\"https:\\\/\\\/nicolas-lebrun.fr\\\/wp-content\\\/uploads\\\/2022\\\/10\\\/nicolas-lebrun-self-portait.png\",\"width\":1080,\"height\":1080,\"caption\":\"Nicolas\"},\"logo\":{\"@id\":\"https:\\\/\\\/nicolas-lebrun.fr\\\/wp-content\\\/uploads\\\/2022\\\/10\\\/nicolas-lebrun-self-portait.png\"},\"sameAs\":[\"https:\\\/\\\/www.instagram.com\\\/nclslbrn\",\"https:\\\/\\\/x.com\\\/nclslbrn\"]}]}<\/script>\n<!-- \/ Yoast SEO plugin. -->","yoast_head_json":{"title":"[:fr]Mentions L\u00e9gales[:en]Legal notice[:] - Nicolas Lebrun","description":"{:fr}Le site nicolas-lebrun.fr constitue une \u0153uvre de l\u2019esprit au sens des dispositions des articles L 111-1 et suivants du Code de la Propri\u00e9t\u00e9 Intellectuelle et, \u00e0 ce titre, Nicolas Lebrun b\u00e9n\u00e9ficie en sa qualit\u00e9 d\u2019auteur de cette cr\u00e9ation originale d\u2019une protection et des droits r\u00e9serv\u00e9s par la loi.{:en}The site nicolas-lebrun.fr constitutes a work of the spirit within the meaning of the provisions of the articles L 111-1 and following of the Code of the Intellectual property and, as such, Nicolas Lebrun profits in his quality of author of this original creation of a protection and the rights reserved by the law.{:}","robots":{"index":"index","follow":"follow","max-snippet":"max-snippet:-1","max-image-preview":"max-image-preview:large","max-video-preview":"max-video-preview:-1"},"canonical":"https:\/\/nicolas-lebrun.fr\/mentions-legales\/","og_locale":"en_US","og_type":"article","og_title":"[:fr]Mentions L\u00e9gales[:en]Legal notice[:] - Nicolas Lebrun","og_description":"{:fr}Le site nicolas-lebrun.fr constitue une \u0153uvre de l\u2019esprit au sens des dispositions des articles L 111-1 et suivants du Code de la Propri\u00e9t\u00e9 Intellectuelle et, \u00e0 ce titre, Nicolas Lebrun b\u00e9n\u00e9ficie en sa qualit\u00e9 d\u2019auteur de cette cr\u00e9ation originale d\u2019une protection et des droits r\u00e9serv\u00e9s par la loi.{:en}The site nicolas-lebrun.fr constitutes a work of the spirit within the meaning of the provisions of the articles L 111-1 and following of the Code of the Intellectual property and, as such, Nicolas Lebrun profits in his quality of author of this original creation of a protection and the rights reserved by the law.{:}","og_url":"https:\/\/nicolas-lebrun.fr\/mentions-legales\/","og_site_name":"Nicolas Lebrun","article_modified_time":"2022-10-31T18:53:55+00:00","twitter_card":"summary_large_image","twitter_site":"@nclslbrn","twitter_misc":{"Est. reading time":"2 minutes"},"schema":{"@context":"https:\/\/schema.org","@graph":[{"@type":"WebPage","@id":"https:\/\/nicolas-lebrun.fr\/mentions-legales\/","url":"https:\/\/nicolas-lebrun.fr\/mentions-legales\/","name":"[:fr]Mentions L\u00e9gales[:en]Legal notice[:] - Nicolas Lebrun","isPartOf":{"@id":"https:\/\/nicolas-lebrun.fr\/#website"},"datePublished":"2015-10-25T10:04:48+00:00","dateModified":"2022-10-31T18:53:55+00:00","description":"{:fr}Le site nicolas-lebrun.fr constitue une \u0153uvre de l\u2019esprit au sens des dispositions des articles L 111-1 et suivants du Code de la Propri\u00e9t\u00e9 Intellectuelle et, \u00e0 ce titre, Nicolas Lebrun b\u00e9n\u00e9ficie en sa qualit\u00e9 d\u2019auteur de cette cr\u00e9ation originale d\u2019une protection et des droits r\u00e9serv\u00e9s par la loi.{:en}The site nicolas-lebrun.fr constitutes a work of the spirit within the meaning of the provisions of the articles L 111-1 and following of the Code of the Intellectual property and, as such, Nicolas Lebrun profits in his quality of author of this original creation of a protection and the rights reserved by the law.{:}","breadcrumb":{"@id":"https:\/\/nicolas-lebrun.fr\/mentions-legales\/#breadcrumb"},"inLanguage":"en-US","potentialAction":[{"@type":"ReadAction","target":["https:\/\/nicolas-lebrun.fr\/mentions-legales\/"]}]},{"@type":"BreadcrumbList","@id":"https:\/\/nicolas-lebrun.fr\/mentions-legales\/#breadcrumb","itemListElement":[{"@type":"ListItem","position":1,"name":"Accueil","item":"https:\/\/nicolas-lebrun.fr\/"},{"@type":"ListItem","position":2,"name":"Mentions L\u00e9gales"}]},{"@type":"WebSite","@id":"https:\/\/nicolas-lebrun.fr\/#website","url":"https:\/\/nicolas-lebrun.fr\/","name":"Nicolas Lebrun","description":"","publisher":{"@id":"https:\/\/nicolas-lebrun.fr\/#\/schema\/person\/be9e5e7b3dddc1665dcce551d8cb9ee2"},"alternateName":"N.Lebrun","potentialAction":[{"@type":"SearchAction","target":{"@type":"EntryPoint","urlTemplate":"https:\/\/nicolas-lebrun.fr\/?s={search_term_string}"},"query-input":{"@type":"PropertyValueSpecification","valueRequired":true,"valueName":"search_term_string"}}],"inLanguage":"en-US"},{"@type":["Person","Organization"],"@id":"https:\/\/nicolas-lebrun.fr\/#\/schema\/person\/be9e5e7b3dddc1665dcce551d8cb9ee2","name":"Nicolas","image":{"@type":"ImageObject","inLanguage":"en-US","@id":"https:\/\/nicolas-lebrun.fr\/wp-content\/uploads\/2022\/10\/nicolas-lebrun-self-portait.png","url":"https:\/\/nicolas-lebrun.fr\/wp-content\/uploads\/2022\/10\/nicolas-lebrun-self-portait.png","contentUrl":"https:\/\/nicolas-lebrun.fr\/wp-content\/uploads\/2022\/10\/nicolas-lebrun-self-portait.png","width":1080,"height":1080,"caption":"Nicolas"},"logo":{"@id":"https:\/\/nicolas-lebrun.fr\/wp-content\/uploads\/2022\/10\/nicolas-lebrun-self-portait.png"},"sameAs":["https:\/\/www.instagram.com\/nclslbrn","https:\/\/x.com\/nclslbrn"]}]}},"_links":{"self":[{"href":"https:\/\/nicolas-lebrun.fr\/en\/wp-json\/wp\/v2\/pages\/243","targetHints":{"allow":["GET"]}}],"collection":[{"href":"https:\/\/nicolas-lebrun.fr\/en\/wp-json\/wp\/v2\/pages"}],"about":[{"href":"https:\/\/nicolas-lebrun.fr\/en\/wp-json\/wp\/v2\/types\/page"}],"author":[{"embeddable":true,"href":"https:\/\/nicolas-lebrun.fr\/en\/wp-json\/wp\/v2\/users\/1"}],"replies":[{"embeddable":true,"href":"https:\/\/nicolas-lebrun.fr\/en\/wp-json\/wp\/v2\/comments?post=243"}],"version-history":[{"count":3,"href":"https:\/\/nicolas-lebrun.fr\/en\/wp-json\/wp\/v2\/pages\/243\/revisions"}],"predecessor-version":[{"id":1238,"href":"https:\/\/nicolas-lebrun.fr\/en\/wp-json\/wp\/v2\/pages\/243\/revisions\/1238"}],"wp:attachment":[{"href":"https:\/\/nicolas-lebrun.fr\/en\/wp-json\/wp\/v2\/media?parent=243"}],"curies":[{"name":"wp","href":"https:\/\/api.w.org\/{rel}","templated":true}]}}